{"id":30,"date":"2016-03-04T00:14:00","date_gmt":"2016-03-03T23:14:00","guid":{"rendered":"http:\/\/francoisrouzioux.com\/?page_id=30"},"modified":"2021-05-02T17:00:22","modified_gmt":"2021-05-02T16:00:22","slug":"contact","status":"publish","type":"page","link":"https:\/\/beta2.francoisrouzioux.com\/hophop\/contact\/","title":{"rendered":"Contact \/ \u00e0 propos"},"content":{"rendered":"\n<p><\/p>\n\n\n<p>Fran\u00e7ois Rouzioux est un talentueux plombier, et un message d&rsquo;espoir \u00e0 tous ceux qui ont travers\u00e9 la Seine ou des passages pi\u00e9tons pluvieux. Son go\u00fbt pour la difficult\u00e9 et les oranges lui permet de savoir illustrer les courants marins d&rsquo;un zeste s\u00fbr.<\/p>\n<p>Un peu comme un samoura\u00ef, ou un berger basque, c&rsquo;est selon.<\/p>\n<p>Il est aussi photographe, et c&rsquo;est (s\u00fbrement) cette facette qui vous int\u00e9resse. Il aime les rencontres, les histoires et les univers diff\u00e9rents que son m\u00e9tier lui permet de voir et de raconter.<\/p>\n<p>Portraits, natures mortes, dans son studio ou en ext\u00e9rieur, reportages et photos d&rsquo;int\u00e9rieur, son exp\u00e9rience en fait un photographe polyvalent et curieux.<\/p>\n<p>Il est dipl\u00f4m\u00e9 de l&rsquo;ESAG Penninghen, et travaille \u00e0 Paris, comme partout ailleurs, d&rsquo;ailleurs.<\/p>\n<p>&#8211;<\/p>\n<p>Fran\u00e7ois Rouzioux is a parisian photographer, enjoying good food and good words.<\/p>\n<p>He loves his job and the stories he&rsquo;s been able to tell, the people he had the chance to meet, the secretive places he went and he won&rsquo;t tell you about, of course.<\/p>\n<p>\u00a0<\/p>\n<div role=\"form\" class=\"wpcf7\" id=\"wpcf7-f19-o1\" lang=\"fr-FR\" dir=\"ltr\">\n<div class=\"screen-reader-response\"><p role=\"status\" aria-live=\"polite\" aria-atomic=\"true\"><\/p> <ul><\/ul><\/div>\n<form action=\"\/hophop\/wp-json\/wp\/v2\/pages\/30#wpcf7-f19-o1\" method=\"post\" class=\"wpcf7-form init\" novalidate=\"novalidate\" data-status=\"init\">\n<div style=\"display: none;\">\n<input type=\"hidden\" name=\"_wpcf7\" value=\"19\" \/>\n<input type=\"hidden\" name=\"_wpcf7_version\" value=\"5.5.6\" \/>\n<input type=\"hidden\" name=\"_wpcf7_locale\" value=\"fr_FR\" \/>\n<input type=\"hidden\" name=\"_wpcf7_unit_tag\" value=\"wpcf7-f19-o1\" \/>\n<input type=\"hidden\" name=\"_wpcf7_container_post\" value=\"0\" \/>\n<input type=\"hidden\" name=\"_wpcf7_posted_data_hash\" value=\"\" \/>\n<\/div>\n<p>Votre nom (obligatoire)<br \/>\n    <span class=\"wpcf7-form-control-wrap your-name\"><input type=\"text\" name=\"your-name\" value=\"\" size=\"40\" class=\"wpcf7-form-control wpcf7-text wpcf7-validates-as-required\" aria-required=\"true\" aria-invalid=\"false\" \/><\/span> <\/p>\n<p>Votre email (obligatoire)<br \/>\n    <span class=\"wpcf7-form-control-wrap your-email\"><input type=\"email\" name=\"your-email\" value=\"\" size=\"40\" class=\"wpcf7-form-control wpcf7-text wpcf7-email wpcf7-validates-as-required wpcf7-validates-as-email\" aria-required=\"true\" aria-invalid=\"false\" \/><\/span> <\/p>\n<p>Sujet<br \/>\n    <span class=\"wpcf7-form-control-wrap your-subject\"><input type=\"text\" name=\"your-subject\" value=\"\" size=\"40\" class=\"wpcf7-form-control wpcf7-text\" aria-invalid=\"false\" \/><\/span> <\/p>\n<p>Votre message<br \/>\n    <span class=\"wpcf7-form-control-wrap your-message\"><textarea name=\"your-message\" cols=\"40\" rows=\"10\" class=\"wpcf7-form-control wpcf7-textarea\" aria-invalid=\"false\"><\/textarea><\/span> <\/p>\n<p><input type=\"submit\" value=\"Envoyer\" class=\"wpcf7-form-control has-spinner wpcf7-submit\" \/><\/p>\n<div class=\"wpcf7-response-output\" aria-hidden=\"true\"><\/div><\/form><\/div>","protected":false},"excerpt":{"rendered":"<p>Fran\u00e7ois Rouzioux est un talentueux plombier, et un message d&rsquo;espoir \u00e0 tous ceux qui ont travers\u00e9 la Seine ou des passages pi\u00e9tons pluvieux. Son go\u00fbt pour la difficult\u00e9 et les oranges lui permet de savoir illustrer les courants marins d&rsquo;un zeste s\u00fbr. Un peu comme un samoura\u00ef, ou un berger &hellip;<\/p>\n<div class=\"wrap-excerpt-more\"><a class=\"excerpt-more\" href=\"https:\/\/beta2.francoisrouzioux.com\/hophop\/contact\/\">Read more<\/a><\/div>\n","protected":false},"author":1,"featured_media":16094,"parent":0,"menu_order":0,"comment_status":"closed","ping_status":"closed","template":"template-contacts.php","meta":[],"_links":{"self":[{"href":"https:\/\/beta2.francoisrouzioux.com\/hophop\/wp-json\/wp\/v2\/pages\/30"}],"collection":[{"href":"https:\/\/beta2.francoisrouzioux.com\/hophop\/wp-json\/wp\/v2\/pages"}],"about":[{"href":"https:\/\/beta2.francoisrouzioux.com\/hophop\/wp-json\/wp\/v2\/types\/page"}],"author":[{"embeddable":true,"href":"https:\/\/beta2.francoisrouzioux.com\/hophop\/wp-json\/wp\/v2\/users\/1"}],"replies":[{"embeddable":true,"href":"https:\/\/beta2.francoisrouzioux.com\/hophop\/wp-json\/wp\/v2\/comments?post=30"}],"version-history":[{"count":2,"href":"https:\/\/beta2.francoisrouzioux.com\/hophop\/wp-json\/wp\/v2\/pages\/30\/revisions"}],"predecessor-version":[{"id":16907,"href":"https:\/\/beta2.francoisrouzioux.com\/hophop\/wp-json\/wp\/v2\/pages\/30\/revisions\/16907"}],"wp:featuredmedia":[{"embeddable":true,"href":"https:\/\/beta2.francoisrouzioux.com\/hophop\/wp-json\/wp\/v2\/media\/16094"}],"wp:attachment":[{"href":"https:\/\/beta2.francoisrouzioux.com\/hophop\/wp-json\/wp\/v2\/media?parent=30"}],"curies":[{"name":"wp","href":"https:\/\/api.w.org\/{rel}","templated":true}]}}